{"id":5598,"date":"2023-08-30T14:13:00","date_gmt":"2023-08-30T12:13:00","guid":{"rendered":"https:\/\/www.smrekowapolana.pl\/leisure-activities\/zakopane\/"},"modified":"2024-10-02T22:56:39","modified_gmt":"2024-10-02T20:56:39","slug":"zakopane","status":"publish","type":"page","link":"https:\/\/www.smrekowapolana.pl\/en\/leisure-activities\/zakopane\/","title":{"rendered":"Zakopane"},"content":{"rendered":"<p><div class=\"fusion-fullwidth fullwidth-box fusion-builder-row-1 fusion-flex-container has-pattern-background has-mask-background fusion-parallax-none nonhundred-percent-fullwidth non-hundred-percent-height-scrolling lazyload fusion-animated fusion-custom-z-index\" style=\"--awb-background-position:center top;--awb-border-radius-top-left:0px;--awb-border-radius-top-right:0px;--awb-border-radius-bottom-right:0px;--awb-border-radius-bottom-left:0px;--awb-z-index:0;--awb-padding-top:12.5vw;--awb-padding-bottom:12.5vw;--awb-padding-top-medium:90px;--awb-padding-bottom-medium:90px;--awb-padding-top-small:80px;--awb-padding-bottom-small:80px;--awb-background-image:linear-gradient(180deg, hsla(var(--awb-color8-h),var(--awb-color8-s),var(--awb-color8-l),calc(var(--awb-color8-a) - 80%)) 0%,hsla(var(--awb-color8-h),var(--awb-color8-s),var(--awb-color8-l),calc(var(--awb-color8-a) - 80%)) 100%);;--awb-background-size:cover;--awb-flex-wrap:wrap;--awb-animation-color:var(--awb-color3);\" data-bg=\"https:\/\/www.smrekowapolana.pl\/wp-content\/uploads\/2023\/08\/zakopane-zima-widok.webp\" data-bg-gradient=\"linear-gradient(180deg, hsla(var(--awb-color8-h),var(--awb-color8-s),var(--awb-color8-l),calc(var(--awb-color8-a) - 80%)) 0%,hsla(var(--awb-color8-h),var(--awb-color8-s),var(--awb-color8-l),calc(var(--awb-color8-a) - 80%)) 100%)\" data-animationType=\"revealInLeft\" data-animationDuration=\"1.2\" data-animationOffset=\"top-into-view\" ><div class=\"fusion-builder-row fusion-row fusion-flex-align-items-flex-start fusion-flex-content-wrap\" style=\"max-width:1248px;margin-left: calc(-4% \/ 2 );margin-right: calc(-4% \/ 2 );\"><div class=\"fusion-layout-column fusion_builder_column fusion-builder-column-0 fusion_builder_column_1_1 1_1 fusion-flex-column\" style=\"--awb-bg-size:cover;--awb-width-large:100%;--awb-margin-top-large:0px;--awb-spacing-right-large:1.92%;--awb-margin-bottom-large:0px;--awb-spacing-left-large:1.92%;--awb-width-medium:100%;--awb-order-medium:0;--awb-spacing-right-medium:1.92%;--awb-spacing-left-medium:1.92%;--awb-width-small:100%;--awb-order-small:0;--awb-spacing-right-small:1.92%;--awb-spacing-left-small:1.92%;\"><div class=\"fusion-column-wrapper fusion-column-has-shadow fusion-flex-justify-content-flex-start fusion-content-layout-column\"><div class=\"fusion-title title fusion-title-1 fusion-no-small-visibility fusion-sep-none fusion-title-center fusion-title-text fusion-title-size-one\" style=\"--awb-text-color:#ffffff;--awb-margin-right:20%;--awb-margin-bottom:0px;--awb-margin-left:20%;--awb-margin-top-small:10px;--awb-margin-right-small:0px;--awb-margin-bottom-small:10px;--awb-margin-left-small:0px;--awb-margin-top-medium:0px;\"><h1 class=\"fusion-title-heading title-heading-center\" style=\"margin:0;line-height:1.2;\">Zakopane<\/h1><\/div><nav class=\"fusion-breadcrumbs awb-yoast-breadcrumbs fusion-breadcrumbs-1\" style=\"--awb-margin-top:10px;--awb-alignment:center;--awb-text-color:var(--awb-color1);--awb-breadcrumb-sep:&#039;\/&#039;;text-align:center;\" aria-label=\"Breadcrumb\"><span><span><a href=\"https:\/\/www.smrekowapolana.pl\/en\/home-page\/\">Strona g\u0142\u00f3wna<\/a><\/span><\/span><\/nav><div class=\"fusion-title title fusion-title-2 fusion-no-medium-visibility fusion-no-large-visibility fusion-sep-none fusion-title-center fusion-title-text fusion-title-size-one\" style=\"--awb-text-color:#ffffff;--awb-margin-right:20%;--awb-margin-bottom:0px;--awb-margin-left:20%;--awb-margin-top-small:10px;--awb-margin-right-small:0px;--awb-margin-bottom-small:10px;--awb-margin-left-small:0px;--awb-margin-top-medium:0px;--awb-font-size:38px;\"><h1 class=\"fusion-title-heading title-heading-center\" style=\"margin:0;font-size:1em;line-height:1.2;\">Zakopane<\/h1><\/div><\/div><\/div><\/div><\/div><div class=\"fusion-fullwidth fullwidth-box fusion-builder-row-2 fusion-flex-container nonhundred-percent-fullwidth non-hundred-percent-height-scrolling\" style=\"--awb-border-radius-top-left:0px;--awb-border-radius-top-right:0px;--awb-border-radius-bottom-right:0px;--awb-border-radius-bottom-left:0px;--awb-flex-wrap:wrap;\" ><div class=\"fusion-builder-row fusion-row fusion-flex-align-items-flex-start fusion-flex-justify-content-center fusion-flex-content-wrap\" style=\"max-width:1248px;margin-left: calc(-4% \/ 2 );margin-right: calc(-4% \/ 2 );\"><div class=\"fusion-layout-column fusion_builder_column fusion-builder-column-1 fusion_builder_column_1_1 1_1 fusion-flex-column\" style=\"--awb-bg-size:cover;--awb-width-large:100%;--awb-margin-top-large:60px;--awb-spacing-right-large:1.92%;--awb-margin-bottom-large:30px;--awb-spacing-left-large:1.92%;--awb-width-medium:100%;--awb-order-medium:0;--awb-spacing-right-medium:1.92%;--awb-spacing-left-medium:1.92%;--awb-width-small:100%;--awb-order-small:0;--awb-spacing-right-small:1.92%;--awb-spacing-left-small:1.92%;\"><div class=\"fusion-column-wrapper fusion-column-has-shadow fusion-flex-justify-content-flex-start fusion-content-layout-column\"><div class=\"fusion-separator fusion-full-width-sep\" style=\"align-self: center;margin-left: auto;margin-right: auto;width:100%;\"><div class=\"fusion-separator-border sep-double\" style=\"--awb-height:20px;--awb-amount:20px;border-color:var(--awb-color3);border-top-width:1px;border-bottom-width:1px;\"><\/div><\/div><div class=\"fusion-title title fusion-title-3 fusion-sep-none fusion-title-text fusion-title-size-four\" style=\"--awb-margin-bottom:30px;--awb-margin-top-small:10px;--awb-margin-right-small:0px;--awb-margin-bottom-small:10px;--awb-margin-left-small:0px;\"><h4 class=\"fusion-title-heading title-heading-left\" style=\"margin:0;\">Zakopane &#8211; the winter capital of Polish<\/h4><\/div><div class=\"fusion-text fusion-text-1\"><p>Zakopane attracts tourists from all over the world. Attractive places, charming hiking trails and mountain climbs are some of the numerous attractions that await the guests. The promenade in Zakopane has been very popular for many years &#8211; Krup\u00f3wki is a place teeming with life with fashionable restaurants, delicious regional food and characteristic souvenirs that are recognizable in many places around the world.<\/p>\n<\/div><div class=\"fusion-text fusion-text-2\"><p>Zakopane is the largest city located between the Tatra Mountains and the Guba\u0142\u00f3wka range. Situated at the foot of the Tatra Mountains, it marks the border with Slovakia. Colloquially referred to as the winter capital of Polish, it is a city with a unique climate, the most beautiful tourist trails and mountains, from which the views are breathtaking.<\/p>\n<\/div><div class=\"fusion-title title fusion-title-4 fusion-sep-none fusion-title-text fusion-title-size-four\" style=\"--awb-margin-bottom:30px;--awb-margin-top-small:10px;--awb-margin-right-small:0px;--awb-margin-bottom-small:10px;--awb-margin-left-small:0px;\"><h4 class=\"fusion-title-heading title-heading-left\" style=\"margin:0;\">He fascinates with highlander culture, climbing and landscapes.<\/h4><\/div><div class=\"fusion-text fusion-text-3\"><p>Guests visiting Zakopane for entertainment and cultural purposes, thanks to a variety of attractions, will certainly find something for themselves. First of all, the place worth visiting is Krupowki. It is the most popular street in Zakopane, and at the same time the center of entertainment life. The walking tour starts from Nowotarska Street and continues all the way to Zamoyski. A more than one-kilometre walk along Krup\u00f3wki Street attracts tourists with a variety of shops and stalls offering the sale of regional souvenirs, as well as local food products, e.g. oscypek. There are also numerous attractions waiting for tourists, e.g. a horse-drawn carriage ride, concerts or local bonfires with roasting sausages and oscypek.<\/p>\n<\/div><div class=\"fusion-text fusion-text-4\"><p>Near the intersection with Nowatorska Street, there is the Church of the Holy Family, which was built in 1896 in the neo-Romanesque style. The distinctive basilica consists of a main tower, two side smaller turrets, as well as three chapels. Inside, you can see the historic chapel of St. St. John the Baptist, which is made in the Zakopane style.<\/p>\n<\/div><div class=\"fusion-image-element awb-imageframe-style awb-imageframe-style-below awb-imageframe-style-1\" style=\"text-align:center;--awb-margin-top:50px;--awb-margin-bottom:30px;--awb-caption-text-size:var(--awb-typography5-font-size);--awb-caption-text-transform:var(--awb-typography5-text-transform);--awb-caption-text-line-height:var(--awb-typography5-line-height);--awb-caption-text-letter-spacing:var(--awb-typography5-letter-spacing);--awb-caption-margin-top:20px;--awb-caption-margin-bottom:40px;--awb-caption-title-font-family:var(--awb-typography5-font-family);--awb-caption-title-font-weight:var(--awb-typography5-font-weight);--awb-caption-title-font-style:var(--awb-typography5-font-style);--awb-caption-title-size:var(--awb-typography5-font-size);--awb-caption-title-transform:var(--awb-typography5-text-transform);--awb-caption-title-line-height:var(--awb-typography5-line-height);--awb-caption-title-letter-spacing:var(--awb-typography5-letter-spacing);--awb-caption-text-font-family:var(--awb-typography5-font-family);--awb-caption-text-font-weight:var(--awb-typography5-font-weight);--awb-caption-text-font-style:var(--awb-typography5-font-style);\"><span class=\" fusion-imageframe imageframe-none imageframe-1 hover-type-none\"><img decoding=\"async\" width=\"1920\" height=\"908\" title=\"zakopane-wido-kultura\" src=\"https:\/\/www.smrekowapolana.pl\/wp-content\/uploads\/2023\/10\/zakopane-wido-kultura.webp\" data-orig-src=\"https:\/\/www.smrekowapolana.pl\/wp-content\/uploads\/2023\/10\/zakopane-wido-kultura.webp\" alt class=\"lazyload img-responsive wp-image-5183\" srcset=\"data:image\/svg+xml,%3Csvg%20xmlns%3D%27http%3A%2F%2Fwww.w3.org%2F2000%2Fsvg%27%20width%3D%271920%27%20height%3D%27908%27%20viewBox%3D%270%200%201920%20908%27%3E%3Crect%20width%3D%271920%27%20height%3D%27908%27%20fill-opacity%3D%220%22%2F%3E%3C%2Fsvg%3E\" data-srcset=\"https:\/\/www.smrekowapolana.pl\/wp-content\/uploads\/2023\/10\/zakopane-wido-kultura-200x95.webp 200w, https:\/\/www.smrekowapolana.pl\/wp-content\/uploads\/2023\/10\/zakopane-wido-kultura-400x189.webp 400w, https:\/\/www.smrekowapolana.pl\/wp-content\/uploads\/2023\/10\/zakopane-wido-kultura-600x284.webp 600w, https:\/\/www.smrekowapolana.pl\/wp-content\/uploads\/2023\/10\/zakopane-wido-kultura-800x378.webp 800w, https:\/\/www.smrekowapolana.pl\/wp-content\/uploads\/2023\/10\/zakopane-wido-kultura-1200x568.webp 1200w, https:\/\/www.smrekowapolana.pl\/wp-content\/uploads\/2023\/10\/zakopane-wido-kultura.webp 1920w\" data-sizes=\"auto\" data-orig-sizes=\"(max-width: 640px) 100vw, 1200px\" \/><\/span><div class=\"awb-imageframe-caption-container\"><div class=\"awb-imageframe-caption\"><h2 class=\"awb-imageframe-caption-title\">For many years, Zakopane has been delighting tourists from all over the world, who are fascinated by highlander culture, mountain climbing and insane landscapes.<\/h2><\/div><\/div><\/div><div class=\"fusion-title title fusion-title-5 fusion-sep-none fusion-title-text fusion-title-size-four\" style=\"--awb-margin-bottom:30px;--awb-margin-top-small:10px;--awb-margin-right-small:0px;--awb-margin-bottom-small:10px;--awb-margin-left-small:0px;\"><h4 class=\"fusion-title-heading title-heading-left\" style=\"margin:0;\">Between the heart of the Tatra Mountains and the pulsating Krup\u00f3wki Street.<\/h4><\/div><div class=\"fusion-text fusion-text-5\"><p>There is also the Wax Museum on Krup\u00f3wki Street, where we can see many interesting characters from the world of film and fairy tales. The actual size of the figures makes the feelings after a visit to the museum very realistic and positively commented on among visiting tourists. Another place worth visiting is the Tatra Museum. Tytus Cha\u0142ubi\u0144ski. It has many branches and outlets, including one of them on Krup\u00f3wki Street. In the museum we can see numerous exhibits related to the Zakopane region, as well as natural, historical and ethnographic exhibitions. Particularly noteworthy is the library with unique collections of books, including some of the most valuable ones, to which only authorized persons have access.<\/p>\n<\/div><div class=\"fusion-text fusion-text-6\"><p>Another tourist attraction of Zakopane is the square under Guba\u0142\u00f3wka. All you have to do is go straight ahead behind the church and pass the tunnel to enjoy the charm of the Zakopane market. The market is famous for the sale of oscypek, honey, as well as leather products and characteristic clothing with folklore and highlander motifs.<\/p>\n<\/div><div class=\"fusion-title title fusion-title-6 fusion-sep-none fusion-title-text fusion-title-size-four\" style=\"--awb-margin-bottom:30px;--awb-margin-top-small:10px;--awb-margin-right-small:0px;--awb-margin-bottom-small:10px;--awb-margin-left-small:0px;\"><h4 class=\"fusion-title-heading title-heading-left\" style=\"margin:0;\">From pulsating clubs to sporting events<\/h4><\/div><div class=\"fusion-text fusion-text-7 fusion-text-no-margin\" style=\"--awb-margin-bottom:60px;\"><p>When presenting attractions in Zakopane, we cannot omit entertainment. In Zakopane there are numerous pubs and discos where you can go crazy until dawn. In regional taverns and during open-air events, you can listen to the singing and music of exceptional highlander bands. Zakopane is a place of numerous festivals, sports attractions and many interesting cultural events. It is here that numerous events take place, not only of national but also world rank, such as the Ski Jumping World Cup in Zakopane.<\/p>\n<\/div><div class=\"awb-gallery-wrapper awb-gallery-wrapper-1 button-span-no\" style=\"--more-btn-alignment:center;margin-bottom:60px;\"><div style=\"margin:-26px;--awb-aspect-ratio:1 \/ 1;--awb-bordersize:0px;--awb-columns-medium:100%;--awb-columns-small:100%;\" class=\"fusion-gallery fusion-gallery-container fusion-grid-3 fusion-columns-total-3 fusion-gallery-layout-grid fusion-gallery-1 has-aspect-ratio\"><div style=\"padding:26px;\" class=\"fusion-grid-column fusion-gallery-column fusion-gallery-column-3 hover-type-none\"><div class=\"fusion-gallery-image\"><a href=\"https:\/\/www.smrekowapolana.pl\/wp-content\/uploads\/2023\/08\/zakopane-szlak-gory.webp\" rel=\"noreferrer\" data-rel=\"iLightbox[gallery_image_1]\" class=\"fusion-lightbox\" target=\"_self\"><img decoding=\"async\" src=\"https:\/\/www.smrekowapolana.pl\/wp-content\/uploads\/2023\/08\/zakopane-szlak-gory.webp\" data-orig-src=\"https:\/\/www.smrekowapolana.pl\/wp-content\/uploads\/2023\/08\/zakopane-szlak-gory.webp\" width=\"548\" height=\"548\" alt=\"\" title=\"zakopane-szlak-gory\" aria-label=\"zakopane-szlak-gory\" class=\"lazyload img-responsive wp-image-1813\" srcset=\"data:image\/svg+xml,%3Csvg%20xmlns%3D%27http%3A%2F%2Fwww.w3.org%2F2000%2Fsvg%27%20width%3D%27548%27%20height%3D%27548%27%20viewBox%3D%270%200%20548%20548%27%3E%3Crect%20width%3D%27548%27%20height%3D%27548%27%20fill-opacity%3D%220%22%2F%3E%3C%2Fsvg%3E\" data-srcset=\"https:\/\/www.smrekowapolana.pl\/wp-content\/uploads\/2023\/08\/zakopane-szlak-gory-200x200.webp 200w, https:\/\/www.smrekowapolana.pl\/wp-content\/uploads\/2023\/08\/zakopane-szlak-gory-400x400.webp 400w, https:\/\/www.smrekowapolana.pl\/wp-content\/uploads\/2023\/08\/zakopane-szlak-gory.webp 548w\" data-sizes=\"auto\" data-orig-sizes=\"(min-width: 2200px) 100vw, (min-width: 784px) 383px, (min-width: 712px) 574px, (min-width: 640px) 712px, \" \/><\/a><\/div><\/div><div style=\"padding:26px;\" class=\"fusion-grid-column fusion-gallery-column fusion-gallery-column-3 hover-type-none\"><div class=\"fusion-gallery-image\"><a href=\"https:\/\/www.smrekowapolana.pl\/wp-content\/uploads\/2023\/08\/zakopane-krupowki-noc.webp\" rel=\"noreferrer\" data-rel=\"iLightbox[gallery_image_1]\" class=\"fusion-lightbox\" target=\"_self\"><img decoding=\"async\" src=\"https:\/\/www.smrekowapolana.pl\/wp-content\/uploads\/2023\/08\/zakopane-krupowki-noc.webp\" data-orig-src=\"https:\/\/www.smrekowapolana.pl\/wp-content\/uploads\/2023\/08\/zakopane-krupowki-noc.webp\" width=\"548\" height=\"548\" alt=\"\" title=\"zakopane-krupowki-noc\" aria-label=\"zakopane-krupowki-noc\" class=\"lazyload img-responsive wp-image-1812\" srcset=\"data:image\/svg+xml,%3Csvg%20xmlns%3D%27http%3A%2F%2Fwww.w3.org%2F2000%2Fsvg%27%20width%3D%27548%27%20height%3D%27548%27%20viewBox%3D%270%200%20548%20548%27%3E%3Crect%20width%3D%27548%27%20height%3D%27548%27%20fill-opacity%3D%220%22%2F%3E%3C%2Fsvg%3E\" data-srcset=\"https:\/\/www.smrekowapolana.pl\/wp-content\/uploads\/2023\/08\/zakopane-krupowki-noc-200x200.webp 200w, https:\/\/www.smrekowapolana.pl\/wp-content\/uploads\/2023\/08\/zakopane-krupowki-noc-400x400.webp 400w, https:\/\/www.smrekowapolana.pl\/wp-content\/uploads\/2023\/08\/zakopane-krupowki-noc.webp 548w\" data-sizes=\"auto\" data-orig-sizes=\"(min-width: 2200px) 100vw, (min-width: 784px) 383px, (min-width: 712px) 574px, (min-width: 640px) 712px, \" \/><\/a><\/div><\/div><div style=\"padding:26px;\" class=\"fusion-grid-column fusion-gallery-column fusion-gallery-column-3 hover-type-none\"><div class=\"fusion-gallery-image\"><a href=\"https:\/\/www.smrekowapolana.pl\/wp-content\/uploads\/2023\/08\/zakopane-krupowki-dzien.webp\" rel=\"noreferrer\" data-rel=\"iLightbox[gallery_image_1]\" class=\"fusion-lightbox\" target=\"_self\"><img decoding=\"async\" src=\"https:\/\/www.smrekowapolana.pl\/wp-content\/uploads\/2023\/08\/zakopane-krupowki-dzien.webp\" data-orig-src=\"https:\/\/www.smrekowapolana.pl\/wp-content\/uploads\/2023\/08\/zakopane-krupowki-dzien.webp\" width=\"548\" height=\"548\" alt=\"\" title=\"zakopane-krupowki-dzien\" aria-label=\"zakopane-krupowki-dzien\" class=\"lazyload img-responsive wp-image-1811\" srcset=\"data:image\/svg+xml,%3Csvg%20xmlns%3D%27http%3A%2F%2Fwww.w3.org%2F2000%2Fsvg%27%20width%3D%27548%27%20height%3D%27548%27%20viewBox%3D%270%200%20548%20548%27%3E%3Crect%20width%3D%27548%27%20height%3D%27548%27%20fill-opacity%3D%220%22%2F%3E%3C%2Fsvg%3E\" data-srcset=\"https:\/\/www.smrekowapolana.pl\/wp-content\/uploads\/2023\/08\/zakopane-krupowki-dzien-200x200.webp 200w, https:\/\/www.smrekowapolana.pl\/wp-content\/uploads\/2023\/08\/zakopane-krupowki-dzien-400x400.webp 400w, https:\/\/www.smrekowapolana.pl\/wp-content\/uploads\/2023\/08\/zakopane-krupowki-dzien.webp 548w\" data-sizes=\"auto\" data-orig-sizes=\"(min-width: 2200px) 100vw, (min-width: 784px) 383px, (min-width: 712px) 574px, (min-width: 640px) 712px, \" \/><\/a><\/div><\/div><div class=\"clearfix\"><\/div><\/div><\/div><div class=\"fusion-separator fusion-full-width-sep\" style=\"align-self: center;margin-left: auto;margin-right: auto;width:100%;\"><div class=\"fusion-separator-border sep-double\" style=\"--awb-height:20px;--awb-amount:20px;border-color:var(--awb-color3);border-top-width:1px;border-bottom-width:1px;\"><\/div><\/div><\/div><\/div><\/div><\/div><\/p>\n","protected":false},"excerpt":{"rendered":"","protected":false},"author":1,"featured_media":0,"parent":5495,"menu_order":0,"comment_status":"closed","ping_status":"closed","template":"100-width.php","meta":{"footnotes":""},"class_list":["post-5598","page","type-page","status-publish","hentry"],"yoast_head":"<!-- This site is optimized with the Yoast SEO plugin v27.1.1 - https:\/\/yoast.com\/product\/yoast-seo-wordpress\/ -->\n<title>Zakopane \u2013 Discover the Magic of the Tatra Mountains with Smrekowa Polana Resort Spa<\/title>\n<meta name=\"description\" content=\"Zakopane is the heart of the Tatra Mountains and a paradise for nature and culture lovers. Smrekowa Polana offers an ideal base for exploring this unique place.\" \/>\n<meta name=\"robots\" content=\"index, follow, max-snippet:-1, max-image-preview:large, max-video-preview:-1\" \/>\n<link rel=\"canonical\" href=\"https:\/\/www.smrekowapolana.pl\/en\/leisure-activities\/zakopane\/\" \/>\n<meta property=\"og:locale\" content=\"en_US\" \/>\n<meta property=\"og:type\" content=\"article\" \/>\n<meta property=\"og:title\" content=\"Zakopane \u2013 Discover the Magic of the Tatra Mountains with Smrekowa Polana Resort Spa\" \/>\n<meta property=\"og:description\" content=\"Zakopane is the heart of the Tatra Mountains and a paradise for nature and culture lovers. Smrekowa Polana offers an ideal base for exploring this unique place.\" \/>\n<meta property=\"og:url\" content=\"https:\/\/www.smrekowapolana.pl\/en\/leisure-activities\/zakopane\/\" \/>\n<meta property=\"og:site_name\" content=\"Smrekowa Polana\" \/>\n<meta property=\"article:publisher\" content=\"https:\/\/www.facebook.com\/SmrekowaPolana\/\" \/>\n<meta property=\"article:modified_time\" content=\"2024-10-02T20:56:39+00:00\" \/>\n<script type=\"application\/ld+json\" class=\"yoast-schema-graph\">{\"@context\":\"https:\/\/schema.org\",\"@graph\":[{\"@type\":\"WebPage\",\"@id\":\"https:\/\/www.smrekowapolana.pl\/en\/leisure-activities\/zakopane\/\",\"url\":\"https:\/\/www.smrekowapolana.pl\/en\/leisure-activities\/zakopane\/\",\"name\":\"Zakopane \u2013 Discover the Magic of the Tatra Mountains with Smrekowa Polana Resort Spa\",\"isPartOf\":{\"@id\":\"https:\/\/www.smrekowapolana.pl\/en\/#website\"},\"datePublished\":\"2023-08-30T12:13:00+00:00\",\"dateModified\":\"2024-10-02T20:56:39+00:00\",\"description\":\"Zakopane is the heart of the Tatra Mountains and a paradise for nature and culture lovers. Smrekowa Polana offers an ideal base for exploring this unique place.\",\"breadcrumb\":{\"@id\":\"https:\/\/www.smrekowapolana.pl\/en\/leisure-activities\/zakopane\/#breadcrumb\"},\"inLanguage\":\"en-US\",\"potentialAction\":[{\"@type\":\"ReadAction\",\"target\":[\"https:\/\/www.smrekowapolana.pl\/en\/leisure-activities\/zakopane\/\"]}]},{\"@type\":\"BreadcrumbList\",\"@id\":\"https:\/\/www.smrekowapolana.pl\/en\/leisure-activities\/zakopane\/#breadcrumb\",\"itemListElement\":[{\"@type\":\"ListItem\",\"position\":1,\"name\":\"Strona g\u0142\u00f3wna\",\"item\":\"https:\/\/www.smrekowapolana.pl\/en\/home-page\/\"},{\"@type\":\"ListItem\",\"position\":2,\"name\":\"Leisure activities\",\"item\":\"https:\/\/www.smrekowapolana.pl\/en\/leisure-activities\/\"},{\"@type\":\"ListItem\",\"position\":3,\"name\":\"Zakopane\"}]},{\"@type\":\"WebSite\",\"@id\":\"https:\/\/www.smrekowapolana.pl\/en\/#website\",\"url\":\"https:\/\/www.smrekowapolana.pl\/en\/\",\"name\":\"Smrekowa Polana\",\"description\":\"Apartamenty w Zakopanem\",\"potentialAction\":[{\"@type\":\"SearchAction\",\"target\":{\"@type\":\"EntryPoint\",\"urlTemplate\":\"https:\/\/www.smrekowapolana.pl\/en\/?s={search_term_string}\"},\"query-input\":{\"@type\":\"PropertyValueSpecification\",\"valueRequired\":true,\"valueName\":\"search_term_string\"}}],\"inLanguage\":\"en-US\"}]}<\/script>\n<!-- \/ Yoast SEO plugin. -->","yoast_head_json":{"title":"Zakopane \u2013 Discover the Magic of the Tatra Mountains with Smrekowa Polana Resort Spa","description":"Zakopane is the heart of the Tatra Mountains and a paradise for nature and culture lovers. Smrekowa Polana offers an ideal base for exploring this unique place.","robots":{"index":"index","follow":"follow","max-snippet":"max-snippet:-1","max-image-preview":"max-image-preview:large","max-video-preview":"max-video-preview:-1"},"canonical":"https:\/\/www.smrekowapolana.pl\/en\/leisure-activities\/zakopane\/","og_locale":"en_US","og_type":"article","og_title":"Zakopane \u2013 Discover the Magic of the Tatra Mountains with Smrekowa Polana Resort Spa","og_description":"Zakopane is the heart of the Tatra Mountains and a paradise for nature and culture lovers. Smrekowa Polana offers an ideal base for exploring this unique place.","og_url":"https:\/\/www.smrekowapolana.pl\/en\/leisure-activities\/zakopane\/","og_site_name":"Smrekowa Polana","article_publisher":"https:\/\/www.facebook.com\/SmrekowaPolana\/","article_modified_time":"2024-10-02T20:56:39+00:00","schema":{"@context":"https:\/\/schema.org","@graph":[{"@type":"WebPage","@id":"https:\/\/www.smrekowapolana.pl\/en\/leisure-activities\/zakopane\/","url":"https:\/\/www.smrekowapolana.pl\/en\/leisure-activities\/zakopane\/","name":"Zakopane \u2013 Discover the Magic of the Tatra Mountains with Smrekowa Polana Resort Spa","isPartOf":{"@id":"https:\/\/www.smrekowapolana.pl\/en\/#website"},"datePublished":"2023-08-30T12:13:00+00:00","dateModified":"2024-10-02T20:56:39+00:00","description":"Zakopane is the heart of the Tatra Mountains and a paradise for nature and culture lovers. Smrekowa Polana offers an ideal base for exploring this unique place.","breadcrumb":{"@id":"https:\/\/www.smrekowapolana.pl\/en\/leisure-activities\/zakopane\/#breadcrumb"},"inLanguage":"en-US","potentialAction":[{"@type":"ReadAction","target":["https:\/\/www.smrekowapolana.pl\/en\/leisure-activities\/zakopane\/"]}]},{"@type":"BreadcrumbList","@id":"https:\/\/www.smrekowapolana.pl\/en\/leisure-activities\/zakopane\/#breadcrumb","itemListElement":[{"@type":"ListItem","position":1,"name":"Strona g\u0142\u00f3wna","item":"https:\/\/www.smrekowapolana.pl\/en\/home-page\/"},{"@type":"ListItem","position":2,"name":"Leisure activities","item":"https:\/\/www.smrekowapolana.pl\/en\/leisure-activities\/"},{"@type":"ListItem","position":3,"name":"Zakopane"}]},{"@type":"WebSite","@id":"https:\/\/www.smrekowapolana.pl\/en\/#website","url":"https:\/\/www.smrekowapolana.pl\/en\/","name":"Smrekowa Polana","description":"Apartamenty w Zakopanem","potentialAction":[{"@type":"SearchAction","target":{"@type":"EntryPoint","urlTemplate":"https:\/\/www.smrekowapolana.pl\/en\/?s={search_term_string}"},"query-input":{"@type":"PropertyValueSpecification","valueRequired":true,"valueName":"search_term_string"}}],"inLanguage":"en-US"}]}},"_links":{"self":[{"href":"https:\/\/www.smrekowapolana.pl\/en\/wp-json\/wp\/v2\/pages\/5598","targetHints":{"allow":["GET"]}}],"collection":[{"href":"https:\/\/www.smrekowapolana.pl\/en\/wp-json\/wp\/v2\/pages"}],"about":[{"href":"https:\/\/www.smrekowapolana.pl\/en\/wp-json\/wp\/v2\/types\/page"}],"author":[{"embeddable":true,"href":"https:\/\/www.smrekowapolana.pl\/en\/wp-json\/wp\/v2\/users\/1"}],"replies":[{"embeddable":true,"href":"https:\/\/www.smrekowapolana.pl\/en\/wp-json\/wp\/v2\/comments?post=5598"}],"version-history":[{"count":3,"href":"https:\/\/www.smrekowapolana.pl\/en\/wp-json\/wp\/v2\/pages\/5598\/revisions"}],"predecessor-version":[{"id":7243,"href":"https:\/\/www.smrekowapolana.pl\/en\/wp-json\/wp\/v2\/pages\/5598\/revisions\/7243"}],"up":[{"embeddable":true,"href":"https:\/\/www.smrekowapolana.pl\/en\/wp-json\/wp\/v2\/pages\/5495"}],"wp:attachment":[{"href":"https:\/\/www.smrekowapolana.pl\/en\/wp-json\/wp\/v2\/media?parent=5598"}],"curies":[{"name":"wp","href":"https:\/\/api.w.org\/{rel}","templated":true}]}}